{"id":9781,"date":"2020-09-23T15:31:43","date_gmt":"2020-09-23T08:31:43","guid":{"rendered":"https:\/\/cerato.wp1.zootemplate.com\/?page_id=9781"},"modified":"2022-11-13T20:59:03","modified_gmt":"2022-11-13T20:59:03","slug":"home-33-plant","status":"publish","type":"page","link":"https:\/\/www.vinetornamentacion.cl\/","title":{"rendered":"Home 33 Plant"},"content":{"rendered":"\t\t<div data-elementor-type=\"wp-page\" data-elementor-id=\"9781\" class=\"elementor elementor-9781\" data-elementor-settings=\"[]\">\n\t\t\t\t\t\t\t<div class=\"elementor-section-wrap\">\n\t\t\t\t\t\t\t<section class=\"elementor-section elementor-top-section elementor-element elementor-element-fcc7563 elementor-section-stretched elementor-section-full_width elementor-section-height-default elementor-section-height-default\" data-id=\"fcc7563\" data-element_type=\"section\" data-settings=\"{&quot;stretch_section&quot;:&quot;section-stretched&quot;}\">\n\t\t\t\t\t\t<div class=\"elementor-container elementor-column-gap-default\">\n\t\t\t\t\t<div class=\"elementor-column elementor-col-100 elementor-top-column elementor-element elementor-element-5c51d60\" data-id=\"5c51d60\" data-element_type=\"column\">\n\t\t\t<div class=\"elementor-widget-wrap elementor-element-populated\">\n\t\t\t\t\t\t\t\t<div class=\"elementor-element elementor-element-1d2cc01 elementor--h-position-center elementor--v-position-middle elementor-pagination-position-inside elementor-invisible elementor-widget elementor-widget-slides\" data-id=\"1d2cc01\" data-element_type=\"widget\" data-settings=\"{&quot;navigation&quot;:&quot;dots&quot;,&quot;_animation&quot;:&quot;fadeIn&quot;,&quot;infinite&quot;:&quot;yes&quot;,&quot;transition&quot;:&quot;slide&quot;,&quot;transition_speed&quot;:500}\" data-widget_type=\"slides.default\">\n\t\t\t\t<div class=\"elementor-widget-container\">\n\t\t\t\t\t<div class=\"elementor-swiper\">\n\t\t\t<div class=\"elementor-slides-wrapper elementor-main-swiper swiper-container\" dir=\"ltr\" data-animation=\"fadeInUp\">\n\t\t\t\t<div class=\"swiper-wrapper elementor-slides\">\n\t\t\t\t\t<div class=\"elementor-repeater-item-fd2471d swiper-slide\"><div class=\"swiper-slide-bg elementor-ken-burns elementor-ken-burns--in\"><\/div><div class=\"swiper-slide-inner\" ><div class=\"swiper-slide-contents\"><div class=\"elementor-slide-heading\">Vinet paisajismo & Ornamentaci\u00f3n<\/div><div class=\"elementor-slide-description\">Vinet paisajismo & Ornamentaci\u00f3n encontraras todo lo que necesitas para  renovar tu jard\u00edn en seco.<\/div><a href=\"https:\/\/www.vinetornamentacion.cl\/?page_id=10257\" class=\"elementor-button elementor-slide-button elementor-size-sm\">Productos<\/a><\/div><\/div><\/div>\t\t\t\t<\/div>\n\t\t\t\t\t\t\t<\/div>\n\t\t<\/div>\n\t\t\t\t<\/div>\n\t\t\t\t<\/div>\n\t\t\t\t<div class=\"elementor-element elementor-element-0cbfcf0 elementor-widget__width-inherit elementor-widget elementor-widget-text-editor\" data-id=\"0cbfcf0\" data-element_type=\"widget\" data-widget_type=\"text-editor.default\">\n\t\t\t\t<div class=\"elementor-widget-container\">\n\t\t\t\t\t\t\t<h1><span style=\"color: #f2fff6;\">Visitanos<\/span><\/h1><p>Estamos ubicados en<a href=\"https:\/\/www.google.com\/maps\/place\/33%C2%B008'00.0%22S+71%C2%B020'43.7%22W\/@-33.1333427,-71.3476477,17z\/data=!3m1!4b1!4m5!3m4!1s0x0:0xc8a8c1c3ac57c09b!8m2!3d-33.1333427!4d-71.345459?hl=es\"> <strong>Ruta F-50 Camino lo Orozco # 13271<\/strong>. Quilpu\u00e9, Chile.<\/a><br \/>WHATSAPP +56 9 66172096<\/p>\t\t\t\t\t\t<\/div>\n\t\t\t\t<\/div>\n\t\t\t\t\t<\/div>\n\t\t<\/div>\n\t\t\t\t\t\t\t<\/div>\n\t\t<\/section>\n\t\t\t\t<section class=\"elementor-section elementor-top-section elementor-element elementor-element-ae7a7b1 elementor-section-full_width elementor-section-content-top elementor-section-height-default elementor-section-height-default\" data-id=\"ae7a7b1\" data-element_type=\"section\">\n\t\t\t\t\t\t<div class=\"elementor-container elementor-column-gap-default\">\n\t\t\t\t\t<div class=\"elementor-column elementor-col-100 elementor-top-column elementor-element elementor-element-b28d5ca\" data-id=\"b28d5ca\" data-element_type=\"column\">\n\t\t\t<div class=\"elementor-widget-wrap elementor-element-populated\">\n\t\t\t\t\t\t\t\t<div class=\"elementor-element elementor-element-c41973f elementor-widget elementor-widget-image-gallery\" data-id=\"c41973f\" data-element_type=\"widget\" data-widget_type=\"image-gallery.default\">\n\t\t\t\t<div class=\"elementor-widget-container\">\n\t\t\t\t\t<div class=\"elementor-image-gallery\">\n\t\t\t<div id='gallery-1' class='gallery galleryid-9781 gallery-columns-4 gallery-size-zoo-medium-crop'><figure class='gallery-item'>\n\t\t\t<div class='gallery-icon portrait'>\n\t\t\t\t<img loading=\"lazy\" decoding=\"async\" width=\"450\" height=\"450\" src=\"https:\/\/www.vinetornamentacion.cl\/wp-content\/uploads\/2021\/11\/IMG_9053-450x450.jpg\" class=\"attachment-zoo-medium-crop size-zoo-medium-crop\" alt=\"\" srcset=\"https:\/\/www.vinetornamentacion.cl\/wp-content\/uploads\/2021\/11\/IMG_9053-450x450.jpg 450w, https:\/\/www.vinetornamentacion.cl\/wp-content\/uploads\/2021\/11\/IMG_9053-150x150.jpg 150w, https:\/\/www.vinetornamentacion.cl\/wp-content\/uploads\/2021\/11\/IMG_9053-120x120.jpg 120w\" sizes=\"auto, (max-width: 450px) 100vw, 450px\" \/>\n\t\t\t<\/div><\/figure><figure class='gallery-item'>\n\t\t\t<div class='gallery-icon portrait'>\n\t\t\t\t<img loading=\"lazy\" decoding=\"async\" width=\"450\" height=\"450\" src=\"https:\/\/www.vinetornamentacion.cl\/wp-content\/uploads\/2021\/11\/IMG_0062-450x450.jpg\" class=\"attachment-zoo-medium-crop size-zoo-medium-crop\" alt=\"\" srcset=\"https:\/\/www.vinetornamentacion.cl\/wp-content\/uploads\/2021\/11\/IMG_0062-450x450.jpg 450w, https:\/\/www.vinetornamentacion.cl\/wp-content\/uploads\/2021\/11\/IMG_0062-150x150.jpg 150w, https:\/\/www.vinetornamentacion.cl\/wp-content\/uploads\/2021\/11\/IMG_0062-120x120.jpg 120w\" sizes=\"auto, (max-width: 450px) 100vw, 450px\" \/>\n\t\t\t<\/div><\/figure><figure class='gallery-item'>\n\t\t\t<div class='gallery-icon portrait'>\n\t\t\t\t<img loading=\"lazy\" decoding=\"async\" width=\"450\" height=\"450\" src=\"https:\/\/www.vinetornamentacion.cl\/wp-content\/uploads\/2021\/09\/2-450x450.jpg\" class=\"attachment-zoo-medium-crop size-zoo-medium-crop\" alt=\"\" srcset=\"https:\/\/www.vinetornamentacion.cl\/wp-content\/uploads\/2021\/09\/2-450x450.jpg 450w, https:\/\/www.vinetornamentacion.cl\/wp-content\/uploads\/2021\/09\/2-120x120.jpg 120w, https:\/\/www.vinetornamentacion.cl\/wp-content\/uploads\/2021\/09\/2-150x150.jpg 150w\" sizes=\"auto, (max-width: 450px) 100vw, 450px\" \/>\n\t\t\t<\/div><\/figure><figure class='gallery-item'>\n\t\t\t<div class='gallery-icon landscape'>\n\t\t\t\t<img loading=\"lazy\" decoding=\"async\" width=\"450\" height=\"450\" src=\"https:\/\/www.vinetornamentacion.cl\/wp-content\/uploads\/2021\/11\/IMG_0039-450x450.jpg\" class=\"attachment-zoo-medium-crop size-zoo-medium-crop\" alt=\"\" srcset=\"https:\/\/www.vinetornamentacion.cl\/wp-content\/uploads\/2021\/11\/IMG_0039-450x450.jpg 450w, https:\/\/www.vinetornamentacion.cl\/wp-content\/uploads\/2021\/11\/IMG_0039-150x150.jpg 150w, https:\/\/www.vinetornamentacion.cl\/wp-content\/uploads\/2021\/11\/IMG_0039-120x120.jpg 120w\" sizes=\"auto, (max-width: 450px) 100vw, 450px\" \/>\n\t\t\t<\/div><\/figure>\n\t\t<\/div>\n\t\t<\/div>\n\t\t\t\t<\/div>\n\t\t\t\t<\/div>\n\t\t\t\t<section class=\"elementor-section elementor-inner-section elementor-element elementor-element-06b4cc6 elementor-section-boxed elementor-section-height-default elementor-section-height-default\" data-id=\"06b4cc6\" data-element_type=\"section\">\n\t\t\t\t\t\t<div class=\"elementor-container elementor-column-gap-default\">\n\t\t\t\t\t<div class=\"elementor-column elementor-col-100 elementor-inner-column elementor-element elementor-element-9a115f2\" data-id=\"9a115f2\" data-element_type=\"column\">\n\t\t\t<div class=\"elementor-widget-wrap elementor-element-populated\">\n\t\t\t\t\t\t\t\t<div class=\"elementor-element elementor-element-bbf05c2 elementor-widget elementor-widget-heading\" data-id=\"bbf05c2\" data-element_type=\"widget\" data-widget_type=\"heading.default\">\n\t\t\t\t<div class=\"elementor-widget-container\">\n\t\t\t<h2 class=\"elementor-heading-title elementor-size-default\"><a href=\"https:\/\/www.vinetornamentacion.cl\/?page_id=10257\">Insumos de Paisajismo & Ornomentaci\u00f3n<\/a><\/h2>\t\t<\/div>\n\t\t\t\t<\/div>\n\t\t\t\t<div class=\"elementor-element elementor-element-3e5f37e elementor-widget elementor-widget-heading\" data-id=\"3e5f37e\" data-element_type=\"widget\" data-widget_type=\"heading.default\">\n\t\t\t\t<div class=\"elementor-widget-container\">\n\t\t\t<p class=\"elementor-heading-title elementor-size-default\">En Vinet paisajismo & Ornamentaci\u00f3n encontraras todo lo que necesitas para crear o renovar tu jard\u00edn.<\/p>\t\t<\/div>\n\t\t\t\t<\/div>\n\t\t\t\t<div class=\"elementor-element elementor-element-55bbb34 elementor-headline--style-highlight elementor-widget elementor-widget-animated-headline\" data-id=\"55bbb34\" data-element_type=\"widget\" data-settings=\"{&quot;highlighted_text&quot;:&quot;Whatsapp&quot;,&quot;headline_style&quot;:&quot;highlight&quot;,&quot;marker&quot;:&quot;circle&quot;,&quot;loop&quot;:&quot;yes&quot;,&quot;highlight_animation_duration&quot;:1200,&quot;highlight_iteration_delay&quot;:8000}\" data-widget_type=\"animated-headline.default\">\n\t\t\t\t<div class=\"elementor-widget-container\">\n\t\t\t<a href=\"https:\/\/wa.me\/+56966172096\">\t\t<h3 class=\"elementor-headline\">\n\t\t\t\t\t<span class=\"elementor-headline-plain-text elementor-headline-text-wrapper\">Consulta stock disponible a nuestro<\/span>\n\t\t\t\t<span class=\"elementor-headline-dynamic-wrapper elementor-headline-text-wrapper\">\n\t\t\t\t\t<span class=\"elementor-headline-dynamic-text elementor-headline-text-active\">Whatsapp<\/span>\n\t\t\t\t<\/span>\n\t\t\t\t\t<span class=\"elementor-headline-plain-text elementor-headline-text-wrapper\">o Redes sociales<\/span>\n\t\t\t\t\t<\/h3>\n\t\t<\/a>\t\t<\/div>\n\t\t\t\t<\/div>\n\t\t\t\t\t<\/div>\n\t\t<\/div>\n\t\t\t\t\t\t\t<\/div>\n\t\t<\/section>\n\t\t\t\t\t<\/div>\n\t\t<\/div>\n\t\t\t\t\t\t\t<\/div>\n\t\t<\/section>\n\t\t\t\t\t\t<\/div>\n\t\t\t\t\t<\/div>\n\t\t","protected":false},"excerpt":{"rendered":"<p>Vinet paisajismo &#038; Ornamentaci\u00f3nVinet paisajismo &#038; Ornamentaci\u00f3n encontraras todo lo que necesitas para renovar tu jard\u00edn en seco.Productos Visitanos Estamos ubicados en Ruta F-50 Camino lo Orozco # 13271. Quilpu\u00e9,&#8230;<\/p>\n","protected":false},"author":1,"featured_media":0,"parent":0,"menu_order":0,"comment_status":"closed","ping_status":"closed","template":"","meta":{"footnotes":""},"class_list":["post-9781","page","type-page","status-publish","hentry"],"_links":{"self":[{"href":"https:\/\/www.vinetornamentacion.cl\/index.php?rest_route=\/wp\/v2\/pages\/9781","targetHints":{"allow":["GET"]}}],"collection":[{"href":"https:\/\/www.vinetornamentacion.cl\/index.php?rest_route=\/wp\/v2\/pages"}],"about":[{"href":"https:\/\/www.vinetornamentacion.cl\/index.php?rest_route=\/wp\/v2\/types\/page"}],"author":[{"embeddable":true,"href":"https:\/\/www.vinetornamentacion.cl\/index.php?rest_route=\/wp\/v2\/users\/1"}],"replies":[{"embeddable":true,"href":"https:\/\/www.vinetornamentacion.cl\/index.php?rest_route=%2Fwp%2Fv2%2Fcomments&post=9781"}],"version-history":[{"count":153,"href":"https:\/\/www.vinetornamentacion.cl\/index.php?rest_route=\/wp\/v2\/pages\/9781\/revisions"}],"predecessor-version":[{"id":11104,"href":"https:\/\/www.vinetornamentacion.cl\/index.php?rest_route=\/wp\/v2\/pages\/9781\/revisions\/11104"}],"wp:attachment":[{"href":"https:\/\/www.vinetornamentacion.cl\/index.php?rest_route=%2Fwp%2Fv2%2Fmedia&parent=9781"}],"curies":[{"name":"wp","href":"https:\/\/api.w.org\/{rel}","templated":true}]}}